{"id":21618,"date":"2019-05-31T16:44:25","date_gmt":"2019-05-31T14:44:25","guid":{"rendered":"http:\/\/uniservarabia.com\/contact\/"},"modified":"2024-12-21T11:32:27","modified_gmt":"2024-12-21T09:32:27","slug":"contact","status":"publish","type":"page","link":"https:\/\/uniservarabia.com\/fr\/contact\/","title":{"rendered":"Contact"},"content":{"rendered":"<div class=\"wpb-content-wrapper\"><p>[vc_row dfd_bg_style=\u00a0\u00bbimage\u00a0\u00bb dfd_parallax_style=\u00a0\u00bbdfd_vertical_parallax\u00a0\u00bb dfd_bg_image_new=\u00a0\u00bb28255&Prime; dfd_overlay_color=\u00a0\u00bb#1e73be\u00a0\u00bb dfd_overlay_pattern_opacity=\u00a0\u00bb50&Prime; dfd_row_responsive_enable=\u00a0\u00bbdfd-row-responsive-enable\u00a0\u00bb responsive_styles=\u00a0\u00bbpadding_left_mobile:20|padding_right_mobile:20&Prime; dfd_bg_image_new_responsive=\u00a0\u00bb28255&Prime;][vc_column dfd_column_responsive_enable=\u00a0\u00bbdfd-column-responsive-enable\u00a0\u00bb responsive_styles=\u00a0\u00bbpadding_left_mobile:0|padding_right_mobile:0&Prime;]<div class=\"dfd-spacer-module\"  data-units=\"px\" data-wide_resolution=\"1280\" data-wide_size=\"200\" data-normal_resolution=\"1024\" data-normal_size=\"150\" data-tablet_resolution=\"800\" data-tablet_size=\"150\" data-mobile_resolution=\"480\" data-mobile_size=\"150\" style=\"height: 200px;\"><\/div><div class=\"dfd-heading-shortcode\"><div class=\"dfd-heading-module-wrap  text-left style_05 dfd-heading-69fc8a239bac5 dfd-disable-resposive-headings\" id=\"dfd-heading-69fc8a239bac5\" ><div class=\"inline-block\"><div class=\"dfd-heading-module\"><h3 class=\"widget-title dfd-title \" style=\"color: #ffffff !important; \">CONTACT<\/h3><div class=\"dfd-heading-delimiter\"><\/div><div class=\"widget-sub-title dfd-sub-title subtitle\" style=\"color: #ffffff !important; \">Nous nous effor\u00e7ons de fournir autant d'informations que n\u00e9cessaire. Si vous avez toutefois besoin de plus amples informations, veuillez nous contacter<\/div><\/div><\/div><\/div><script type=\"text\/javascript\">\r\n\t\t\t\t\t\t\t\t\t(function($) {\r\n\t\t\t\t\t\t\t\t\t\t$(\"head\").append(\"<style>.dfd-heading-69fc8a239bac5.dfd-heading-module-wrap .dfd-heading-module .dfd-heading-delimiter {border-bottom-style:solid;border-bottom-width:1px;width:100px;border-bottom-color:#ffffff;}.dfd-heading-69fc8a239bac5 .dfd-heading-module .widget-title {margin-top:80px;margin-bottom:25px;}.dfd-heading-69fc8a239bac5.dfd-heading-module-wrap .dfd-heading-module .dfd-heading-delimiter {margin-top:10px;margin-bottom:10px;}<\/style>\");\r\n\t\t\t\t\t\t\t\t\t})(jQuery);\r\n\t\t\t\t\t\t\t\t<\/script><\/div><div class=\"dfd-spacer-module\"  data-units=\"px\" data-wide_resolution=\"1280\" data-wide_size=\"65\" data-normal_resolution=\"1024\" data-normal_size=\"65\" data-tablet_resolution=\"800\" data-tablet_size=\"65\" data-mobile_resolution=\"480\" data-mobile_size=\"65\" style=\"height: 65px;\"><\/div>[\/vc_column][\/vc_row][vc_row full_height=\u00a0\u00bbyes\u00a0\u00bb dfd_enable_overlay=\u00a0\u00bb\u00a0\u00bb anchor=\u00a0\u00bbcontact-us\u00a0\u00bb dfd_row_responsive_enable=\u00a0\u00bbdfd-row-responsive-enable\u00a0\u00bb responsive_styles=\u00a0\u00bbpadding_left_mobile:10|padding_right_mobile:10&Prime;][vc_column dfd_column_responsive_enable=\u00a0\u00bbdfd-column-responsive-enable\u00a0\u00bb responsive_styles=\u00a0\u00bbpadding_left_desktop:20|padding_right_desktop:20|padding_left_tablet:20|padding_right_tablet:20&Prime;]<div class=\"dfd-spacer-module\"  data-units=\"px\" data-wide_resolution=\"1280\" data-wide_size=\"120\" data-normal_resolution=\"1024\" data-normal_size=\"110\" data-tablet_resolution=\"800\" data-tablet_size=\"90\" data-mobile_resolution=\"480\" data-mobile_size=\"80\" style=\"height: 120px;\"><\/div>[vc_row_inner][vc_column_inner width=\u00a0\u00bb1\/2&Prime;]<div class=\"dfd-heading-shortcode\"><div class=\"dfd-heading-module-wrap  text-left style_07 cr-animate-gen dfd-heading-69fc8a239bcd7 dfd-disable-resposive-headings\" id=\"dfd-heading-69fc8a239bcd7\" data-animate-type = \"transition.expandIn\" ><div class=\"inline-block\"><div class=\"dfd-heading-module\"><div class=\"title-wrap\"><div class=\"dfd-heading-delimiter\"><\/div><h5 class=\"widget-title dfd-title \" style=\"font-size: 40px; line-height: 40px; \">ADRESSE<\/p>\n<p><\/h5><\/div><\/div><\/div><\/div><script type=\"text\/javascript\">\r\n\t\t\t\t\t\t\t\t\t(function($) {\r\n\t\t\t\t\t\t\t\t\t\t$(\"head\").append(\"<style>.dfd-heading-69fc8a239bcd7.dfd-heading-module-wrap .dfd-heading-module .dfd-heading-delimiter {border-bottom-style:solid;border-bottom-width:15px;width:15px;border-bottom-color:#f8b864;}.dfd-heading-69fc8a239bcd7.dfd-heading-module-wrap .dfd-heading-module .dfd-heading-delimiter {margin-right:15px;margin-bottom:5px;margin-left:-65px;}@media (max-width: 799px){.dfd-heading-69fc8a239bcd7 .dfd-title{font-size: 32px !important;line-height: 36px !important;}}<\/style>\");\r\n\t\t\t\t\t\t\t\t\t})(jQuery);\r\n\t\t\t\t\t\t\t\t<\/script><\/div><div class=\"dfd-spacer-module\"  data-units=\"px\" data-wide_resolution=\"1280\" data-wide_size=\"30\" data-normal_resolution=\"1024\" data-normal_size=\"30\" data-tablet_resolution=\"800\" data-tablet_size=\"30\" data-mobile_resolution=\"480\" data-mobile_size=\"15\" style=\"height: 30px;\"><\/div>[vc_column_text css=\u00a0\u00bb\u00a0\u00bb]<strong>UniservArabia SARL<br \/>\n<\/strong>Si\u00e8ge social: 22\u00e8me \u00e9tage | Tours Nord | Tours de la ville du Nil | Cournich El Nil | Ramlet Beau lac | Caire 11624 | \u00c9gypte | T: +202 2461 8555 | F: +202 2461 8501[\/vc_column_text]<div class=\"dfd-spacer-module\"  data-units=\"px\" data-wide_resolution=\"1280\" data-wide_size=\"40\" data-normal_resolution=\"1024\" data-normal_size=\"40\" data-tablet_resolution=\"800\" data-tablet_size=\"40\" data-mobile_resolution=\"480\" data-mobile_size=\"30\" style=\"height: 40px;\"><\/div><div id=\"dfd-button-69fc8a239beb8\" class=\"dfd-button-module-wrap dfd-button-69fc8a239beb8\"><div class=\"dfd-button-module  style_3 text-left dfd-horizontal partial faden dfd-top-to-bottom dfd-button-icon-right dfd-button-icon-hover-simple\" ><a href=\"#\" class=\"dfd-button-link\"><span class=\"dfd-button-inner-cover\"><span class=\"dfd-button-text-main\">Plus d'infos<i class=\"dfd-icon-right_1\"><\/i><\/span><\/span><\/a><\/div><script type=\"text\/javascript\">\r\n\t\t\t\t\t\t\t\t\t(function($) {$(\"head\").append(\"<style>#dfd-button-69fc8a239beb8.dfd-button-module-wrap .dfd-button-module .dfd-button-link .dfd-button-inner-cover span i, .dfd-button-69fc8a239beb8.dfd-button-module-wrap .dfd-button-module .dfd-button-link .dfd-button-inner-cover span i {font-size: 16px;}#dfd-button-69fc8a239beb8.dfd-button-module-wrap .dfd-button-module .dfd-button-link .dfd-button-inner-cover .dfd-button-text-main,.dfd-button-69fc8a239beb8.dfd-button-module-wrap .dfd-button-module .dfd-button-link .dfd-button-inner-cover .dfd-button-text-main {color: #ffffff}#dfd-button-69fc8a239beb8.dfd-button-module-wrap .dfd-button-module .dfd-button-link .dfd-button-inner-cover,.dfd-button-69fc8a239beb8.dfd-button-module-wrap .dfd-button-module .dfd-button-link .dfd-button-border-decoration,.dfd-button-69fc8a239beb8.dfd-button-module-wrap .dfd-button-module .dfd-button-link .dfd-button-inner-cover {border-radius:0px;}#dfd-button-69fc8a239beb8.dfd-button-module-wrap .dfd-button-module:not(.style_4) .dfd-button-link .dfd-button-inner-cover:before,#dfd-button-69fc8a239beb8.dfd-button-module-wrap .dfd-button-module.style_4 .dfd-button-link .dfd-button-inner-cover:after,#dfd-button-69fc8a239beb8.dfd-button-module-wrap .dfd-button-module.style_6 .dfd-button-link .dfd-button-inner-cover .dfd-button-text-main,.dfd-button-69fc8a239beb8.dfd-button-module-wrap .dfd-button-module:not(.style_4) .dfd-button-link .dfd-button-inner-cover:before,.dfd-button-69fc8a239beb8.dfd-button-module-wrap .dfd-button-module.style_4 .dfd-button-link .dfd-button-inner-cover:after,.dfd-button-69fc8a239beb8.dfd-button-module-wrap .dfd-button-module.style_6 .dfd-button-link .dfd-button-inner-cover .dfd-button-text-main {background: #282828;border-style:none;border-width:1px;border-radius:0px;border-color:#1b1b1b;}#dfd-button-69fc8a239beb8.dfd-button-module-wrap .dfd-button-module:not(.style_6) .dfd-button-link:hover .dfd-button-inner-cover .dfd-button-text-main,#dfd-button-69fc8a239beb8.dfd-button-module-wrap .dfd-button-module .dfd-button-link .dfd-button-inner-cover .dfd-button-text-hover,.dfd-button-69fc8a239beb8.dfd-button-module-wrap .dfd-button-module:not(.style_6) .dfd-button-link:hover .dfd-button-inner-cover .dfd-button-text-main,.dfd-button-69fc8a239beb8.dfd-button-module-wrap .dfd-button-module .dfd-button-link .dfd-button-inner-cover .dfd-button-text-hover {color: #ffffff;}#dfd-button-69fc8a239beb8.dfd-button-module-wrap .dfd-button-module .dfd-button-link:hover .dfd-button-inner-cover,.dfd-button-69fc8a239beb8.dfd-button-module-wrap .dfd-button-module .dfd-button-link:hover .dfd-button-border-decoration,.dfd-button-69fc8a239beb8.dfd-button-module-wrap .dfd-button-module .dfd-button-link:hover .dfd-button-inner-cover {border-radius:0px;}#dfd-button-69fc8a239beb8.dfd-button-module-wrap .dfd-button-module:not(.style_4) .dfd-button-link .dfd-button-inner-cover:after,#dfd-button-69fc8a239beb8.dfd-button-module-wrap .dfd-button-module.style_4 .dfd-button-link .dfd-button-inner-cover:before,#dfd-button-69fc8a239beb8.dfd-button-module-wrap .dfd-button-module .dfd-button-link .dfd-button-inner-cover .dfd-button-text-hover .dfd-button-69fc8a239beb8.dfd-button-module-wrap .dfd-button-module:not(.style_4) .dfd-button-link .dfd-button-inner-cover:after,.dfd-button-69fc8a239beb8.dfd-button-module-wrap .dfd-button-module.style_4 .dfd-button-link .dfd-button-inner-cover:before,.dfd-button-69fc8a239beb8.dfd-button-module-wrap .dfd-button-module .dfd-button-link .dfd-button-inner-cover .dfd-button-text-hover {background: #f8b864;border-style:none;border-width:1px;border-radius:0px;border-color:#c39f76;}#dfd-button-69fc8a239beb8.dfd-button-module-wrap .dfd-button-module.style_3 .dfd-button-link:hover .dfd-button-inner-cover:before,#dfd-button-69fc8a239beb8.dfd-button-module-wrap .dfd-button-module.style_4 .dfd-button-link:hover .dfd-button-inner-cover:before,.dfd-button-69fc8a239beb8.dfd-button-module-wrap .dfd-button-module.style_3 .dfd-button-link:hover .dfd-button-inner-cover:before,.dfd-button-69fc8a239beb8.dfd-button-module-wrap .dfd-button-module.style_4 .dfd-button-link:hover .dfd-button-inner-cover:before {border-style:none;border-width:1px;border-radius:0px;border-color:#c39f76;}#dfd-button-69fc8a239beb8.dfd-button-module-wrap .dfd-button-module .dfd-button-link .dfd-button-inner-cover .dfd-button-text-main i,.dfd-button-69fc8a239beb8.dfd-button-module-wrap .dfd-button-module .dfd-button-link .dfd-button-inner-cover .dfd-button-text-main i {color: #c39f76;}#dfd-button-69fc8a239beb8.dfd-button-module-wrap .dfd-button-module .dfd-button-link:hover .dfd-button-inner-cover .dfd-button-text-main i,.dfd-button-69fc8a239beb8.dfd-button-module-wrap .dfd-button-module .dfd-button-link:hover .dfd-button-inner-cover .dfd-button-text-main i {color: #c39f76;}<\/style>\")\r\n\t\t\t\t\t\t\t\t\t})(jQuery);\r\n\t\t\t\t\t\t\t\t<\/script><\/div><div class=\"dfd-spacer-module\"  data-units=\"px\" data-wide_resolution=\"1280\" data-wide_size=\"0\" data-normal_resolution=\"1024\" data-normal_size=\"\" data-tablet_resolution=\"800\" data-tablet_size=\"\" data-mobile_resolution=\"480\" data-mobile_size=\"60\" style=\"height: 0px;\"><\/div>[\/vc_column_inner][vc_column_inner width=\u00a0\u00bb1\/2&Prime;]<div class=\"dfd-heading-shortcode\"><div class=\"dfd-heading-module-wrap  text-left style_07 cr-animate-gen dfd-heading-69fc8a239bfc0 dfd-disable-resposive-headings\" id=\"dfd-heading-69fc8a239bfc0\" data-animate-type = \"transition.expandIn\" ><div class=\"inline-block\"><div class=\"dfd-heading-module\"><div class=\"title-wrap\"><div class=\"dfd-heading-delimiter\"><\/div><h5 class=\"widget-title dfd-title \" style=\"font-size: 40px; line-height: 40px; \">EMAIL<\/p>\n<p><\/h5><\/div><\/div><\/div><\/div><script type=\"text\/javascript\">\r\n\t\t\t\t\t\t\t\t\t(function($) {\r\n\t\t\t\t\t\t\t\t\t\t$(\"head\").append(\"<style>.dfd-heading-69fc8a239bfc0.dfd-heading-module-wrap .dfd-heading-module .dfd-heading-delimiter {border-bottom-style:solid;border-bottom-width:15px;width:15px;border-bottom-color:#f8b864;}.dfd-heading-69fc8a239bfc0.dfd-heading-module-wrap .dfd-heading-module .dfd-heading-delimiter {margin-right:15px;margin-bottom:5px;margin-left:0px;}@media (max-width: 799px){.dfd-heading-69fc8a239bfc0 .dfd-title{font-size: 32px !important;line-height: 36px !important;}}<\/style>\");\r\n\t\t\t\t\t\t\t\t\t})(jQuery);\r\n\t\t\t\t\t\t\t\t<\/script><\/div><div class=\"dfd-spacer-module\"  data-units=\"px\" data-wide_resolution=\"1280\" data-wide_size=\"30\" data-normal_resolution=\"1024\" data-normal_size=\"30\" data-tablet_resolution=\"800\" data-tablet_size=\"30\" data-mobile_resolution=\"480\" data-mobile_size=\"20\" style=\"height: 30px;\"><\/div>[dfd_user_form preset=\u00a0\u00bbpreset2&Prime; fake_check_layout=\u00a0\u00bbforms_05&Prime; text_area_height=\u00a0\u00bb10&Prime; font_size=\u00a0\u00bb13&Prime; btn_message=\u00a0\u00bbEnvoyer le message\u00a0\u00bb email_subject=\u00a0\u00bbUniservArabia SAE | Formulaire de contact du site Web | Message \u00e9lectronique\u00a0\u00bb check_layout=\u00a0\u00bbforms_05.php\u00a0\u00bb input_background=\u00a0\u00bb#ffffff\u00a0\u00bb border_color=\u00a0\u00bb#e8e8e8&Prime; text_color=\u00a0\u00bb#565656&Prime; hover_button_backgrond=\u00a0\u00bb#ffffff\u00a0\u00bb button_color_text=\u00a0\u00bb#0a0a0a\u00a0\u00bb button_hover_color_text=\u00a0\u00bb#dd9933&Prime; check_layout_forms_05=\u00a0\u00bb{\u00ab\u00a01\u00ab\u00a0:{\u00ab\u00a0text_name\u00ab\u00a0:{\u00ab\u00a0name\u00ab\u00a0:\u00ab\u00a0Nom\u00ab\u00a0,\u00ab\u00a0required-1\u00ab\u00a0:\u00ab\u00a01\u00ab\u00a0,\u00ab\u00a0akismet_comment_author-1\u00ab\u00a0:\u00ab\u00a01\u00ab\u00a0}},\u00ab\u00a02\u00ab\u00a0:{\u00ab\u00a0email\u00ab\u00a0:{\u00ab\u00a0required-1\u00ab\u00a0:\u00ab\u00a01\u00ab\u00a0,\u00ab\u00a0name\u00ab\u00a0:\u00ab\u00a0Email\u00ab\u00a0,\u00ab\u00a0akismet_comment_author_email-1\u00ab\u00a0:\u00ab\u00a01\u00ab\u00a0}},\u00ab\u00a03\u00ab\u00a0:{\u00ab\u00a0text_name\u00ab\u00a0:{\u00ab\u00a0required-1\u00ab\u00a0:\u00ab\u00a01\u00ab\u00a0,\u00ab\u00a0name\u00ab\u00a0:\u00ab\u00a0Mati\u00e8re\u00ab\u00a0}},\u00ab\u00a04\u00ab\u00a0:{\u00ab\u00a0textarea_name\u00ab\u00a0:{\u00ab\u00a0name\u00ab\u00a0:\u00ab\u00a0Message\u00ab\u00a0}}}\u00a0\u00bb]<strong>De<\/strong>: {{text_name-1}}<br \/>\n<strong>Mati\u00e8re<\/strong>: {{text_name-3}}<br \/>\n<strong>Email<\/strong>: {{email-2}}<\/p>\n<p><strong>Message<\/strong>:<br \/>\n{{textarea_name-4}}<\/p>\n<p>&#8212;&#8212;&#8212;&#8212;-<br \/>\nCet e-mail a \u00e9t\u00e9 envoy\u00e9 \u00e0 partir du formulaire de contact sur la page de contact (FR) du site Web UniservArabia SAE[\/dfd_user_form][\/vc_column_inner][\/vc_row_inner]<div class=\"dfd-spacer-module\"  data-units=\"px\" data-wide_resolution=\"1280\" data-wide_size=\"120\" data-normal_resolution=\"1024\" data-normal_size=\"110\" data-tablet_resolution=\"800\" data-tablet_size=\"80\" data-mobile_resolution=\"480\" data-mobile_size=\"80\" style=\"height: 120px;\"><\/div>[\/vc_column][\/vc_row][vc_row dfd_row_config=\u00a0\u00bbfull_width_content\u00a0\u00bb][vc_column][vc_raw_html]JTNDaWZyYW1lJTIwc3JjJTNEJTIyaHR0cHMlM0ElMkYlMkZ3d3cuZ29vZ2xlLmNvbSUyRm1hcHMlMkZlbWJlZCUzRnBiJTNEJTIxMW0xNCUyMTFtOCUyMTFtMyUyMTFkNTUyNDQuNTQ5Nzk1MTI5Mzk1JTIxMmQzMS4yMjc1NiUyMTNkMzAuMDcxNzE1JTIxM20yJTIxMWkxMDI0JTIxMmk3NjglMjE0ZjEzLjElMjEzbTMlMjExbTIlMjExczB4MCUyNTNBMHg2MjQ2NTFhZGJmYTg1MWMlMjEyc1VuaXNlcnZBcmFiaWElMjUyMExMQyUyMTVlMCUyMTNtMiUyMTFzZW4lMjEyc3NhJTIxNHYxNTkzMTc2NjI4Njg1JTIxNW0yJTIxMXNlbiUyMTJzc2ElMjIlMjB3aWR0aCUzRCUyMjEwMCUyNSUyMiUyMGhlaWdodCUzRCUyMjUwMCUyMiUyMGZyYW1lYm9yZGVyJTNEJTIyMCUyMiUyMHN0eWxlJTNEJTIyYm9yZGVyJTNBMCUzQiUyMiUyMGFsbG93ZnVsbHNjcmVlbiUzRCUyMiUyMiUyMGFyaWEtaGlkZGVuJTNEJTIyZmFsc2UlMjIlMjB0YWJpbmRleCUzRCUyMjAlMjIlM0UlM0MlMkZpZnJhbWUlM0U=[\/vc_raw_html][\/vc_column][\/vc_row]<\/p>\n<\/div>","protected":false},"excerpt":{"rendered":"<p>[vc_row dfd_bg_style=\u00a0\u00bbimage\u00a0\u00bb dfd_parallax_style=\u00a0\u00bbdfd_vertical_parallax\u00a0\u00bb dfd_bg_image_new=\u00a0\u00bb28255&Prime; dfd_overlay_color=\u00a0\u00bb#1e73be\u00a0\u00bb dfd_overlay_pattern_opacity=\u00a0\u00bb50&Prime; dfd_row_responsive_enable=\u00a0\u00bbdfd-row-responsive-enable\u00a0\u00bb responsive_styles=\u00a0\u00bbpadding_left_mobile:20|padding_right_mobile:20&Prime; dfd_bg_image_new_responsive=\u00a0\u00bb28255&Prime;][vc_column dfd_column_responsive_enable=\u00a0\u00bbdfd-column-responsive-enable\u00a0\u00bb responsive_styles=\u00a0\u00bbpadding_left_mobile:0|padding_right_mobile:0&Prime;][\/vc_column][\/vc_row][vc_row full_height=\u00a0\u00bbyes\u00a0\u00bb dfd_enable_overlay=\u00a0\u00bb\u00a0\u00bb anchor=\u00a0\u00bbcontact-us\u00a0\u00bb dfd_row_responsive_enable=\u00a0\u00bbdfd-row-responsive-enable\u00a0\u00bb responsive_styles=\u00a0\u00bbpadding_left_mobile:10|padding_right_mobile:10&Prime;][vc_column dfd_column_responsive_enable=\u00a0\u00bbdfd-column-responsive-enable\u00a0\u00bb responsive_styles=\u00a0\u00bbpadding_left_desktop:20|padding_right_desktop:20|padding_left_tablet:20|padding_right_tablet:20&Prime;][vc_row_inner][vc_column_inner width=\u00a0\u00bb1\/2&Prime;][vc_column_text css=\u00a0\u00bb\u00a0\u00bb]UniservArabia SARL Si\u00e8ge social: 22\u00e8me \u00e9tage | Tours Nord | Tours<\/p>\n","protected":false},"author":3,"featured_media":0,"parent":0,"menu_order":4,"comment_status":"closed","ping_status":"closed","template":"page-custom.php","meta":{"inline_featured_image":false,"footnotes":"","_links_to":"","_links_to_target":""},"class_list":["post-21618","page","type-page","status-publish","hentry"],"_links":{"self":[{"href":"https:\/\/uniservarabia.com\/fr\/wp-json\/wp\/v2\/pages\/21618","targetHints":{"allow":["GET"]}}],"collection":[{"href":"https:\/\/uniservarabia.com\/fr\/wp-json\/wp\/v2\/pages"}],"about":[{"href":"https:\/\/uniservarabia.com\/fr\/wp-json\/wp\/v2\/types\/page"}],"author":[{"embeddable":true,"href":"https:\/\/uniservarabia.com\/fr\/wp-json\/wp\/v2\/users\/3"}],"replies":[{"embeddable":true,"href":"https:\/\/uniservarabia.com\/fr\/wp-json\/wp\/v2\/comments?post=21618"}],"version-history":[{"count":1,"href":"https:\/\/uniservarabia.com\/fr\/wp-json\/wp\/v2\/pages\/21618\/revisions"}],"predecessor-version":[{"id":31177,"href":"https:\/\/uniservarabia.com\/fr\/wp-json\/wp\/v2\/pages\/21618\/revisions\/31177"}],"wp:attachment":[{"href":"https:\/\/uniservarabia.com\/fr\/wp-json\/wp\/v2\/media?parent=21618"}],"curies":[{"name":"wp","href":"https:\/\/api.w.org\/{rel}","templated":true}]}}