{"id":22667,"date":"2019-06-24T12:20:11","date_gmt":"2019-06-24T10:20:11","guid":{"rendered":"http:\/\/uniservarabia.com\/imprimer\/"},"modified":"2024-12-21T11:32:17","modified_gmt":"2024-12-21T09:32:17","slug":"imprimer","status":"publish","type":"page","link":"https:\/\/uniservarabia.com\/fr\/imprimer\/","title":{"rendered":"Imprimer"},"content":{"rendered":"<div class=\"wpb-content-wrapper\"><p>[vc_row bg_check=\u00a0\u00bbrow-background-dark\u00a0\u00bb dfd_bg_style=\u00a0\u00bbimage\u00a0\u00bb dfd_parallax_style=\u00a0\u00bbdfd_vertical_parallax\u00a0\u00bb dfd_bg_image_new=\u00a0\u00bb25810&Prime; dfd_bg_image_repeat=\u00a0\u00bbno-repeat\u00a0\u00bb dfd_overlay_color=\u00a0\u00bb#b03898&Prime; dfd_bg_image_new_responsive=\u00a0\u00bb25810&Prime;][vc_column col_shadow=\u00a0\u00bbbox_shadow_enable:disable|shadow_horizontal:0|shadow_vertical:15|shadow_blur:50|shadow_spread:0|box_shadow_color:rgba(0%2C0%2C0%2C0.35)\u00a0\u00bb col_shadow_hover=\u00a0\u00bbbox_shadow_enable:disable|shadow_horizontal:0|shadow_vertical:15|shadow_blur:50|shadow_spread:0|box_shadow_color:rgba(0%2C0%2C0%2C0.35)\u00a0\u00bb]<div class=\"dfd-spacer-module\"  data-units=\"px\" data-wide_resolution=\"1280\" data-wide_size=\"200\" data-normal_resolution=\"1024\" data-normal_size=\"150\" data-tablet_resolution=\"800\" data-tablet_size=\"150\" data-mobile_resolution=\"480\" data-mobile_size=\"150\" style=\"height: 200px;\"><\/div><div class=\"dfd-heading-shortcode\"><div class=\"dfd-heading-module-wrap  text-left style_05 dfd-heading-69fc89fee278c dfd-disable-resposive-headings\" id=\"dfd-heading-69fc89fee278c\" ><div class=\"inline-block\"><div class=\"dfd-heading-module\"><h3 class=\"widget-title dfd-title \" style=\"color: #ffffff !important; \">Imprimer<\/h3><div class=\"dfd-heading-delimiter\"><\/div><div class=\"widget-sub-title dfd-sub-title subtitle\" style=\"color: #ffffff !important; \">Une divulgation juridique d'entreprise pour assurer le respect de l'environnement l\u00e9gal et r\u00e9glementaire<\/div><\/div><\/div><\/div><script type=\"text\/javascript\">\r\n\t\t\t\t\t\t\t\t\t(function($) {\r\n\t\t\t\t\t\t\t\t\t\t$(\"head\").append(\"<style>.dfd-heading-69fc89fee278c.dfd-heading-module-wrap .dfd-heading-module .dfd-heading-delimiter {border-bottom-style:solid;border-bottom-width:1px;width:100px;border-bottom-color:#ffffff;}.dfd-heading-69fc89fee278c .dfd-heading-module .widget-title {margin-top:80px;margin-bottom:25px;}.dfd-heading-69fc89fee278c.dfd-heading-module-wrap .dfd-heading-module .dfd-heading-delimiter {margin-top:10px;margin-bottom:10px;}<\/style>\");\r\n\t\t\t\t\t\t\t\t\t})(jQuery);\r\n\t\t\t\t\t\t\t\t<\/script><\/div><div class=\"dfd-spacer-module\"  data-units=\"px\" data-wide_resolution=\"1280\" data-wide_size=\"65\" data-normal_resolution=\"1024\" data-normal_size=\"60\" data-tablet_resolution=\"800\" data-tablet_size=\"65\" data-mobile_resolution=\"480\" data-mobile_size=\"40\" style=\"height: 65px;\"><\/div>[\/vc_column][\/vc_row][vc_row][vc_column]<div class=\"dfd-spacer-module\"  data-units=\"px\" data-wide_resolution=\"1280\" data-wide_size=\"60\" data-normal_resolution=\"1024\" data-normal_size=\"60\" data-tablet_resolution=\"800\" data-tablet_size=\"40\" data-mobile_resolution=\"480\" data-mobile_size=\"20\" style=\"height: 60px;\"><\/div>[vc_column_text css=\u00a0\u00bb\u00a0\u00bb]<strong>UniservArabia SArl | Soci\u00e9t\u00e9 anonyme \u00e9gyptienne<br \/>\n<\/strong><a href=\"https:\/\/goo.gl\/maps\/WybdCAuKjRXmTVgG7\" target=\"_blank\" rel=\"noopener\">Si\u00e8ge Social: 22\u00e8me \u00e9tage| Tour Nord | Tours de la ville du Nil| Cournich El Nil | Ramlet Beaulac | Caire 11624 | \u00c9gypte<\/a><br \/>\nTel: +202 2461 8555<br \/>\nFax: +202 2461 8501<br \/>\nE-mail: <a href=\"mailto:info@uniservarabia.com\">info@uniservarabia.com<\/a><\/p>\n<p>Fondateur, Pr\u00e9sident et chef de la direction: Shawkatt Raghib, MD<br \/>\nEnregistrement Commercial: 133088<br \/>\nLieu de juridiction: Caire, \u00c9gypte.<br \/>\nNum\u00e9ro de TVA selon la loi de la taxe sur la valeur ajout\u00e9e en Egypte: 562-363-505<\/p>\n<p>Bureaux de consultants:<\/p>\n<ul>\n<li>KPMG: Hazem Hassan Consultant en R\u00e9glementation, Consultant en Gouvernance &amp; Auditeur Financier<\/li>\n<li>Baker McKenzie: Conseiller Technique Juridique<\/li>\n<li>Arab African International Bank (AAIB): Banque d\u2019Entreprise &amp;<span class=\"Apple-converted-space\">\u00a0 <\/span>Gestion de Patrimoine.<\/li>\n<\/ul>\n<p>Responsable du contenu selon<span class=\"Apple-converted-space\">\u00a0 <\/span>les autorit\u00e9s de r\u00e9gulation en Egypte : Webmaster<span class=\"Apple-converted-space\">\u00a0 <\/span>Recruter<span class=\"Apple-converted-space\">\u00a0 <\/span>par UniservArabia SARL<\/p>\n<p>Les produits utilis\u00e9s sur ce site sont uniquement pour la pr\u00e9sentation et l\u2019identification. Toutes les marques et les marques d\u00e9pos\u00e9es<span class=\"Apple-converted-space\">\u00a0 <\/span>appartiennent \u00e0 leur propri\u00e9taires respectifs. UniservArabia SARL est une marque d\u00e9pos\u00e9e en \u00c9gypte, sous licence d&rsquo;utilisation pour une soci\u00e9t\u00e9 saoudienne en Arabie saoudite, jusqu&rsquo;en 2022, etc.<\/p>\n<p>Toutes les images, vid\u00e9os, graphiques, etc. sont prot\u00e9g\u00e9s par le droit d\u2019auteur et fait r\u00e9f\u00e9rence \u00e0 leurs sources d\u2019origine, r\u00e9f\u00e9rences, \u00e9diteur, etc. Les informations contenues sur ce site Web ne vise pas \u00e0 r\u00e9pondre aux circonstances de quelque personne ou entit\u00e9 particuli\u00e8re. Bien que nous essayons fournir des informations opportunes et pr\u00e9cises, il peut y avoir aucune garantie que ces informations sont exactes \u00e0 la date elle est re\u00e7ue ou le resteront \u00e0 l\u2019avenir Personne ne devrait agir sur ces informations sans conseils professionnels appropri\u00e9s et apr\u00e8s un examen approfondi des faits de la situation particuli\u00e8re.<span class=\"Apple-converted-space\">\u00a0<\/span><\/p>\n<p>\u00a9 Droits d\u2019auteur 2022, UniservArabia SARL. Tous droits r\u00e9serv\u00e9s.\u00a0Tous les contenus,les recherches et les recommandations dans ce site sont les propri\u00e9t\u00e9s intellectuelles du UniservArabia SAE et pour l\u2019usage exclusive de UniservArabia SAE<span class=\"Apple-converted-space\">\u00a0 <\/span>aussi ils sont prot\u00e9g\u00e9s<span class=\"Apple-converted-space\">\u00a0 <\/span>par la convention de Berne et la Convention universelle sur le droit d\u2019auteur. L\u2019utilisation non autoris\u00e9e des contenus, des recherches et des recommandations de ce site Web, sans l\u2019autorisation \u00e9crite expresse de UniservArabia SAE, repr\u00e9sente une infraction<span class=\"Apple-converted-space\">\u00a0 <\/span>\u00e0 l\u2019encontre des conditions d\u2019utilisation.<span class=\"Apple-converted-space\">\u00a0<\/span><\/p>\n<p><span class=\"Apple-converted-space\">\u00a0<\/span>[\/vc_column_text]<div class=\"dfd-spacer-module\"  data-units=\"px\" data-wide_resolution=\"1280\" data-wide_size=\"65\" data-normal_resolution=\"1024\" data-normal_size=\"60\" data-tablet_resolution=\"800\" data-tablet_size=\"45\" data-mobile_resolution=\"480\" data-mobile_size=\"30\" style=\"height: 65px;\"><\/div><div class=\"dfd-spacer-module\"  data-units=\"px\" data-wide_resolution=\"1280\" data-wide_size=\"65\" data-normal_resolution=\"1024\" data-normal_size=\"60\" data-tablet_resolution=\"800\" data-tablet_size=\"45\" data-mobile_resolution=\"480\" data-mobile_size=\"30\" style=\"height: 65px;\"><\/div>[\/vc_column][\/vc_row]<\/p>\n<\/div>","protected":false},"excerpt":{"rendered":"<p>[vc_row bg_check=\u00a0\u00bbrow-background-dark\u00a0\u00bb dfd_bg_style=\u00a0\u00bbimage\u00a0\u00bb dfd_parallax_style=\u00a0\u00bbdfd_vertical_parallax\u00a0\u00bb dfd_bg_image_new=\u00a0\u00bb25810&Prime; dfd_bg_image_repeat=\u00a0\u00bbno-repeat\u00a0\u00bb dfd_overlay_color=\u00a0\u00bb#b03898&Prime; dfd_bg_image_new_responsive=\u00a0\u00bb25810&Prime;][vc_column col_shadow=\u00a0\u00bbbox_shadow_enable:disable|shadow_horizontal:0|shadow_vertical:15|shadow_blur:50|shadow_spread:0|box_shadow_color:rgba(0%2C0%2C0%2C0.35)\u00a0\u00bb col_shadow_hover=\u00a0\u00bbbox_shadow_enable:disable|shadow_horizontal:0|shadow_vertical:15|shadow_blur:50|shadow_spread:0|box_shadow_color:rgba(0%2C0%2C0%2C0.35)\u00a0\u00bb][\/vc_column][\/vc_row][vc_row][vc_column][vc_column_text css=\u00a0\u00bb\u00a0\u00bb]UniservArabia SArl | Soci\u00e9t\u00e9 anonyme \u00e9gyptienne Si\u00e8ge Social: 22\u00e8me \u00e9tage| Tour Nord | Tours de la ville du Nil| Cournich<\/p>\n","protected":false},"author":3,"featured_media":29015,"parent":0,"menu_order":3,"comment_status":"closed","ping_status":"closed","template":"page-custom.php","meta":{"inline_featured_image":false,"footnotes":"","_links_to":"","_links_to_target":""},"class_list":["post-22667","page","type-page","status-publish","has-post-thumbnail","hentry"],"_links":{"self":[{"href":"https:\/\/uniservarabia.com\/fr\/wp-json\/wp\/v2\/pages\/22667","targetHints":{"allow":["GET"]}}],"collection":[{"href":"https:\/\/uniservarabia.com\/fr\/wp-json\/wp\/v2\/pages"}],"about":[{"href":"https:\/\/uniservarabia.com\/fr\/wp-json\/wp\/v2\/types\/page"}],"author":[{"embeddable":true,"href":"https:\/\/uniservarabia.com\/fr\/wp-json\/wp\/v2\/users\/3"}],"replies":[{"embeddable":true,"href":"https:\/\/uniservarabia.com\/fr\/wp-json\/wp\/v2\/comments?post=22667"}],"version-history":[{"count":2,"href":"https:\/\/uniservarabia.com\/fr\/wp-json\/wp\/v2\/pages\/22667\/revisions"}],"predecessor-version":[{"id":31181,"href":"https:\/\/uniservarabia.com\/fr\/wp-json\/wp\/v2\/pages\/22667\/revisions\/31181"}],"wp:featuredmedia":[{"embeddable":true,"href":"https:\/\/uniservarabia.com\/fr\/wp-json\/wp\/v2\/media\/29015"}],"wp:attachment":[{"href":"https:\/\/uniservarabia.com\/fr\/wp-json\/wp\/v2\/media?parent=22667"}],"curies":[{"name":"wp","href":"https:\/\/api.w.org\/{rel}","templated":true}]}}