{"id":22800,"date":"2019-07-05T14:44:15","date_gmt":"2019-07-05T12:44:15","guid":{"rendered":"http:\/\/uniservarabia.com\/?page_id=22800"},"modified":"2024-12-21T11:17:40","modified_gmt":"2024-12-21T09:17:40","slug":"politique-de-confidentialite","status":"publish","type":"page","link":"https:\/\/uniservarabia.com\/fr\/politique-de-confidentialite\/","title":{"rendered":"Politique de Confidentialit\u00e9"},"content":{"rendered":"<div class=\"wpb-content-wrapper\">[vc_row bg_check=\u00a0\u00bbrow-background-dark\u00a0\u00bb dfd_bg_style=\u00a0\u00bbimage\u00a0\u00bb dfd_parallax_style=\u00a0\u00bbdfd_vertical_parallax\u00a0\u00bb dfd_bg_image_new=\u00a0\u00bb28421&Prime; dfd_bg_image_repeat=\u00a0\u00bbno-repeat\u00a0\u00bb dfd_overlay_color=\u00a0\u00bb#1e73be\u00a0\u00bb dfd_row_responsive_enable=\u00a0\u00bbdfd-row-responsive-enable\u00a0\u00bb css=\u00a0\u00bb.vc_custom_1621877060988{background-position: center !important;background-repeat: no-repeat !important;background-size: cover !important;}\u00a0\u00bb dfd_bg_image_new_responsive=\u00a0\u00bb28421&Prime;][vc_column col_shadow=\u00a0\u00bbbox_shadow_enable:disable|shadow_horizontal:0|shadow_vertical:15|shadow_blur:50|shadow_spread:0|box_shadow_color:rgba(0%2C0%2C0%2C0.35)\u00a0\u00bb col_shadow_hover=\u00a0\u00bbbox_shadow_enable:disable|shadow_horizontal:0|shadow_vertical:15|shadow_blur:50|shadow_spread:0|box_shadow_color:rgba(0%2C0%2C0%2C0.35)\u00a0\u00bb col_hover_bg=\u00a0\u00bbrgba(0,0,0,0.01)\u00a0\u00bb]<div class=\"dfd-spacer-module\"  data-units=\"px\" data-wide_resolution=\"1280\" data-wide_size=\"250\" data-normal_resolution=\"1024\" data-normal_size=\"150\" data-tablet_resolution=\"800\" data-tablet_size=\"150\" data-mobile_resolution=\"480\" data-mobile_size=\"150\" style=\"height: 250px;\"><\/div><div class=\"dfd-heading-shortcode\"><div class=\"dfd-heading-module-wrap  text-left style_05 dfd-heading-69fc89fd21a47 dfd-disable-resposive-headings\" id=\"dfd-heading-69fc89fd21a47\" ><div class=\"inline-block\"><div class=\"dfd-heading-module\"><h3 class=\"widget-title dfd-title \" style=\"color: #ffffff !important; \">Politique de Confidentialit\u00e9<\/h3><div class=\"dfd-heading-delimiter\"><\/div><div class=\"widget-sub-title dfd-sub-title subtitle\" style=\"color: #ffffff !important; \">D\u00e9claration de confidentialit\u00e9 du site Web www.uniservarabia.com<\/div><\/div><\/div><\/div><script type=\"text\/javascript\">\r\n\t\t\t\t\t\t\t\t\t(function($) {\r\n\t\t\t\t\t\t\t\t\t\t$(\"head\").append(\"<style>.dfd-heading-69fc89fd21a47.dfd-heading-module-wrap .dfd-heading-module .dfd-heading-delimiter {border-bottom-style:solid;border-bottom-width:1px;width:100px;border-bottom-color:#ffffff;}.dfd-heading-69fc89fd21a47 .dfd-heading-module .widget-title {margin-top:25px;margin-bottom:25px;}.dfd-heading-69fc89fd21a47.dfd-heading-module-wrap .dfd-heading-module .dfd-heading-delimiter {margin-top:10px;margin-bottom:10px;}@media only screen and (max-width: 799px) {.dfd-heading-69fc89fd21a47 {text-align: left;}}<\/style>\");\r\n\t\t\t\t\t\t\t\t\t})(jQuery);\r\n\t\t\t\t\t\t\t\t<\/script><\/div><div class=\"dfd-spacer-module\"  data-units=\"px\" data-wide_resolution=\"1280\" data-wide_size=\"65\" data-normal_resolution=\"1024\" data-normal_size=\"60\" data-tablet_resolution=\"800\" data-tablet_size=\"65\" data-mobile_resolution=\"480\" data-mobile_size=\"40\" style=\"height: 65px;\"><\/div>[\/vc_column][\/vc_row][vc_row][vc_column]<div class=\"dfd-spacer-module\"  data-units=\"px\" data-wide_resolution=\"1280\" data-wide_size=\"65\" data-normal_resolution=\"1024\" data-normal_size=\"60\" data-tablet_resolution=\"800\" data-tablet_size=\"45\" data-mobile_resolution=\"480\" data-mobile_size=\"30\" style=\"height: 65px;\"><\/div>[vc_column_text css=\u00a0\u00bb\u00a0\u00bb]<strong>D\u00e9claration de Confidentialit\u00e9\r\n<\/strong>\u00a0<a href=\"http:\/\/www.uniservarabia.com\/\" target=\"_blank\" rel=\"noopener\">www.uniservarabia.com<\/a>\r\n\r\nLe site<span class=\"Apple-converted-space\">\u00a0 <\/span><a href=\"http:\/\/www.uniservarabia.com\/\" target=\"_blank\" rel=\"noopener\">www.uniservarabia.com<\/a> (le \u201csite web \u201c) est g\u00e9r\u00e9 par UniservArabia SARL\u00a0<a href=\"https:\/\/goo.gl\/maps\/WybdCAuKjRXmTVgG7\" target=\"_blank\" rel=\"noopener\">Si\u00e8ge social: 22\u00e8me \u00e9tage| Tour Nord | Tours de la ville du Nil|<span class=\"Apple-converted-space\">\u00a0<\/span>Cournich El Nil | Ramlet Beaulac | Caire 11624 | \u00c9gypte<\/a> | Tel: +202 2461 8555 | Fax: +202 2461 8501 (\u201cnous \u201d ou<span class=\"Apple-converted-space\">\u00a0 <\/span>\u201dnotre\/nos \u201d). UniservArabia SARL est le contr\u00f4leur de donn\u00e9es tel que d\u00e9fini par les lois \u00e9gyptiennes sur la protection des donn\u00e9es ou bien le contr\u00f4leur tel que d\u00e9fini \u00e0 l\u2019article 4 n\u00b0 7 du r\u00e8glement de l\u2019Union europ\u00e9enne n\u00b0 2016\/679 (\u201cGDPR).\r\n\r\nCette page vous fournira des informations sur les donn\u00e9es que nous allons recueillir aupr\u00e8s de vous lorsque vous visitez le site Web ou profitez de l\u2019un de nos autres services propos\u00e9s sur le site Web ainsi que la mani\u00e8re dont nous utilisons ces informations:\r\n\r\n<b>1. Collecte et utilisation des donn\u00e9es Lors de la visite du site Web:<\/b>\r\n\r\nquand vous acc\u00e9dez au site avec votre navigateur.<span class=\"Apple-converted-space\">\u00a0<\/span>nous ne recueillons que les donn\u00e9es techniques suivantes que votre navigateur nous transmet automatiquement.<span class=\"Apple-converted-space\">\u00a0<\/span>Ces donn\u00e9es sont n\u00e9cessaires pour que vous puissiez visualiser et utiliser les services sur notre site web:\r\n<ul>\r\n \t<li>adresse IP.<\/li>\r\n \t<li>date et heure de la demande ainsi que le fuseau horaire de l\u2019 ordinateur demandeur.<\/li>\r\n \t<li>Site Web demandant l\u2019acc\u00e8s<\/li>\r\n \t<li>Code de statut https.<\/li>\r\n \t<li>Volume de donn\u00e9es transf\u00e9r\u00e9es.<\/li>\r\n \t<li>Site Web r\u00e9f\u00e9rent.<\/li>\r\n \t<li>Navigateur utilis\u00e9, y compris la langue et la version.<\/li>\r\n \t<li>Syst\u00e8me d\u2019exploitation<\/li>\r\n<\/ul>\r\nCes donn\u00e9es doivent \u00eatre trait\u00e9es aux fins pr\u00e9vues ci-dessus conform\u00e9ment \u00e0 l\u2019art. 6 parag. 1 let. f. RGPD afin de prot\u00e9ger nos int\u00e9r\u00eats l\u00e9gitimes, c.-\u00e0-d. L\u2019utilisation de notre site Web. Ces donn\u00e9es sont supprim\u00e9es d\u00e8s qu\u2019elles ne sont plus n\u00e9cessaires \u00e0 l\u2019objectif de la collecte. Nous stockons ces donn\u00e9es sur nos serveurs en Allemagne et nous ne les transmettons pas \u00e0 des tiers.\r\n\r\n<b>2. Collecte et utilisation des donn\u00e9es lors de l\u2019inscription pour la zone de s\u00e9curit\u00e9:<\/b>\r\n\r\nSi nous vous permettons d\u2019acc\u00e9der \u00e0 la zone de s\u00e9curit\u00e9 de notre Site Web, vous devrez entrer un nom d\u2019utilisateur et un mot de pass\u00e9 afin de vous connecter \u00e0 votre compte qui a \u00e9t\u00e9 cr\u00e9e pour vous. Nous stockons et utilisons les donn\u00e9es pour vous permettre d\u2019acc\u00e9der \u00e0 la zone de s\u00e9curit\u00e9 de Site Web.\r\n\r\nCes donn\u00e9es doivent \u00eatre trait\u00e9es conform\u00e9ment \u00e0 l\u2019art. 6 parag. 1 clause 1 let. b) ou respectivement let. f) GDPR pour remplir le contrat conclu avec vous<span class=\"Apple-converted-space\">\u00a0 <\/span>et \/ ou prot\u00e9ger nos int\u00e9r\u00eats l\u00e9gitimes, et fournir la fonctionnalit\u00e9 de compte Lorsque vous utilisez le service de t\u00e9l\u00e9chargement de notre biblioth\u00e8que, nous allons aussi recueillir votre adresse courriel et<span class=\"Apple-converted-space\">\u00a0 <\/span>le num\u00e9ro de s\u00e9rie du dongle de UniservArabia SARL.\r\n\r\nCes donn\u00e9es servent uniquement \u00e0 identifier les biblioth\u00e8ques t\u00e9l\u00e9charg\u00e9es par un client et \u00e0 les faire correspondre avec la licence sp\u00e9cifique du logiciel UniservArabia SAE. Cela est n\u00e9cessaire pour prot\u00e9ger nos int\u00e9r\u00eats l\u00e9gitimes conform\u00e9ment \u00e0 l\u2019art. 6 parag. 1 let. f GDPR,pour savoir prot\u00e9ger la propri\u00e9t\u00e9 intellectuelle des biblioth\u00e8ques et assurer la facilit\u00e9 d\u2019utilisation des biblioth\u00e8ques et une maintenance correcte du logiciel.<span class=\"Apple-converted-space\">\u00a0<\/span>\r\n\r\nCes donn\u00e9es sont stock\u00e9es sur nos serveurs en Egypte. Nous ne les transmettons pas \u00e0 des tiers, et elles seront supprim\u00e9es aussit\u00f4t apr\u00e8s\r\n\r\n<b>Cookies\r\n<\/b>Le Site Web utilise des cookies. Pour plus de d\u00e9tails, s\u2019il vous pla\u00eet visitez notre politique de cookie.\r\n\r\n<b>3. Vos Droits:<\/b>\r\n\r\nVous avez le droit de demander les informations sur les donn\u00e9es que nous stockons conform\u00e9ment \u00e0 la sec. 34 BDSG et \/ ou art. 15 GDPR, demander la correction des donn\u00e9es incorrectes conform\u00e9ment \u00e0 la sec. 35 parag. 1 BDSG et \/ ou art. 16 GDPR, les supprimer conform\u00e9ment \u00e0 la sec. 35 parag. 2 BDSG et \/ ou art. 17 GDPR ou blocage ou restriction de traitement des donn\u00e9es conform\u00e9ment \u00e0 l\u2019art. 35 parag. 3 BDSG et \/ ou art. 18 GDPR. conform\u00e9ment \u00e0 l\u2019art. 21 GDPR, vous avez \u00e9galement le droit de vous opposer au traitement de vos donn\u00e9es\r\n\r\nen fournissant la raison de l\u2019objection de votre propre situation \u00e0 condition que les donn\u00e9es que nous traitons servent \u00e0 prot\u00e9ger l\u2019un de nos int\u00e9r\u00eats prot\u00e9geables.\r\n\r\n<b>4.<span class=\"Apple-converted-space\">\u00a0 \u00a0 <\/span>Contacts:<\/b>\r\n\r\nVeuillez<span class=\"Apple-converted-space\">\u00a0 <\/span>nous contacter si vous souhaitez confirmer vos droits comme indiqu\u00e9 \u00e0 la section 3, ou si vous avez une question g\u00e9n\u00e9rale sur la protection des donn\u00e9es en ce qui concerne le site web:<span class=\"Apple-converted-space\">\r\n<\/span>Par voie postale : UniservArabia SARL, <a href=\"https:\/\/goo.gl\/maps\/WybdCAuKjRXmTVgG7\" target=\"_blank\" rel=\"noopener\">Si\u00e8ge social: 22\u00e8me \u00e9tage| Tour Nord | Tours de la ville du Nil| Cournich El Nil | Ramlet Beaulac | Caire 11624 | \u00c9gypte<\/a>\u00a0| T: +202 2461 8555 | F: +202 2461 8501\r\nPar courriel \u00e9lectronique\u00a0: <a href=\"mailto:info@uniservarabia.com\">info@uniservarabia.com<\/a><span class=\"Apple-converted-space\">\r\n<\/span>Par t\u00e9l\u00e9phone: +202 2461 8555\r\n\r\n[\/vc_column_text]<div class=\"dfd-spacer-module\"  data-units=\"px\" data-wide_resolution=\"1280\" data-wide_size=\"65\" data-normal_resolution=\"1024\" data-normal_size=\"60\" data-tablet_resolution=\"800\" data-tablet_size=\"45\" data-mobile_resolution=\"480\" data-mobile_size=\"30\" style=\"height: 65px;\"><\/div>[\/vc_column][\/vc_row]<!-- \/wp:post-content --><\/div>","protected":false},"excerpt":{"rendered":"<p>[vc_row bg_check=\u00a0\u00bbrow-background-dark\u00a0\u00bb dfd_bg_style=\u00a0\u00bbimage\u00a0\u00bb dfd_parallax_style=\u00a0\u00bbdfd_vertical_parallax\u00a0\u00bb dfd_bg_image_new=\u00a0\u00bb28421&Prime; dfd_bg_image_repeat=\u00a0\u00bbno-repeat\u00a0\u00bb dfd_overlay_color=\u00a0\u00bb#1e73be\u00a0\u00bb dfd_row_responsive_enable=\u00a0\u00bbdfd-row-responsive-enable\u00a0\u00bb css=\u00a0\u00bb.vc_custom_1621877060988{background-position: center !important;background-repeat: no-repeat !important;background-size: cover !important;}\u00a0\u00bb dfd_bg_image_new_responsive=\u00a0\u00bb28421&Prime;][vc_column col_shadow=\u00a0\u00bbbox_shadow_enable:disable|shadow_horizontal:0|shadow_vertical:15|shadow_blur:50|shadow_spread:0|box_shadow_color:rgba(0%2C0%2C0%2C0.35)\u00a0\u00bb col_shadow_hover=\u00a0\u00bbbox_shadow_enable:disable|shadow_horizontal:0|shadow_vertical:15|shadow_blur:50|shadow_spread:0|box_shadow_color:rgba(0%2C0%2C0%2C0.35)\u00a0\u00bb col_hover_bg=\u00a0\u00bbrgba(0,0,0,0.01)\u00a0\u00bb][\/vc_column][\/vc_row][vc_row][vc_column][vc_column_text css=\u00a0\u00bb\u00a0\u00bb]D\u00e9claration de Confidentialit\u00e9 \u00a0www.uniservarabia.com Le site\u00a0 www.uniservarabia.com (le \u201csite web \u201c)<\/p>\n","protected":false},"author":3,"featured_media":28421,"parent":0,"menu_order":2,"comment_status":"closed","ping_status":"closed","template":"page-custom.php","meta":{"inline_featured_image":false,"footnotes":"","_links_to":"","_links_to_target":""},"class_list":["post-22800","page","type-page","status-publish","has-post-thumbnail","hentry"],"_links":{"self":[{"href":"https:\/\/uniservarabia.com\/fr\/wp-json\/wp\/v2\/pages\/22800","targetHints":{"allow":["GET"]}}],"collection":[{"href":"https:\/\/uniservarabia.com\/fr\/wp-json\/wp\/v2\/pages"}],"about":[{"href":"https:\/\/uniservarabia.com\/fr\/wp-json\/wp\/v2\/types\/page"}],"author":[{"embeddable":true,"href":"https:\/\/uniservarabia.com\/fr\/wp-json\/wp\/v2\/users\/3"}],"replies":[{"embeddable":true,"href":"https:\/\/uniservarabia.com\/fr\/wp-json\/wp\/v2\/comments?post=22800"}],"version-history":[{"count":1,"href":"https:\/\/uniservarabia.com\/fr\/wp-json\/wp\/v2\/pages\/22800\/revisions"}],"predecessor-version":[{"id":31182,"href":"https:\/\/uniservarabia.com\/fr\/wp-json\/wp\/v2\/pages\/22800\/revisions\/31182"}],"wp:featuredmedia":[{"embeddable":true,"href":"https:\/\/uniservarabia.com\/fr\/wp-json\/wp\/v2\/media\/28421"}],"wp:attachment":[{"href":"https:\/\/uniservarabia.com\/fr\/wp-json\/wp\/v2\/media?parent=22800"}],"curies":[{"name":"wp","href":"https:\/\/api.w.org\/{rel}","templated":true}]}}